{"id":449,"date":"2026-02-16T16:50:09","date_gmt":"2026-02-16T16:50:09","guid":{"rendered":"https:\/\/www.dokterderuyter.be\/online\/product\/famvir-nl\/"},"modified":"2026-02-26T19:48:29","modified_gmt":"2026-02-26T19:48:29","slug":"famvir-nl","status":"publish","type":"product","link":"https:\/\/www.dokterderuyter.be\/online\/nl\/medicaments\/famvir-nl\/","title":{"rendered":"Famvir"},"content":{"rendered":"<h1>Virkningsmekanisme og aktivt stof<\/h1>\n<p>Famvir indeholder det aktive stof famciclovir, som er et antiviralt l\u00e6gemiddel tilh\u00f8rende gruppen acyklovir-analoger. Stoffet omdannes i kroppen til penciclovir, som h\u00e6mmer virusets DNA-polymeraseenzym. Dette forhindrer virusets formering ved at blokere syntesen af viralt DNA. Famciclovir har prim\u00e6rt effekt mod herpes simplex-virus (HSV) og varicella-zoster-virus (VZV), hvilket g\u00f8r det egnet til behandling af herpesinfektioner s\u00e5som herpes zoster, herpes labialis og genitale herpesinfektioner.<\/p>\n<h1>Indikationer for behandling<\/h1>\n<p>Famvir anvendes til behandling af b\u00e5de prim\u00e6re og recidiverende infektioner for\u00e5rsaget af herpes simplex-virus, s\u00e5som f\u00f8rsteudbrud og tilbagevendende genitale herpes, samt til profylaktisk behandling af hyppige tilbagefald. Derudover anvendes det til behandling af herpes zoster (helvedesild), hvor det reducerer smerte og varighed af udbruddet. L\u00e6gemidlet kan ogs\u00e5 anvendes til at forhindre reaktivering af herpesvirus hos immunsv\u00e6kkede patienter efter transplantation eller kemoterapi.<\/p>\n<h1>Dosering ved herpes zoster<\/h1>\n<p>Ved behandling af herpes zoster anbefales typisk en dosis p\u00e5 500 mg famciclovir tre gange dagligt i fem til syv dage. Behandlingen b\u00f8r p\u00e5begyndes s\u00e5 hurtigt som muligt efter debut af symptomer, helst inden for 72 timer, for maksimal effekt p\u00e5 virusaktiviteten og symptomlindring. Dosisjustering kan v\u00e6re n\u00f8dvendig ved nedsat nyrefunktion, da stoffets eliminering hovedsageligt sker via nyrerne.<\/p>\n<h1>Dosering ved genitale herpes<\/h1>\n<p>Til behandling af f\u00f8rsteudbrud af genitale herpes anvendes en initial dosis p\u00e5 250 mg famciclovir tre gange dagligt i 7-10 dage. Ved tilbagevendende episoder er den anbefalede behandling typisk 125 mg to gange dagligt i 5 dage. For patienter med hyppige, gentagne udbrud kan profylaktisk behandling i l\u00e6ngere perioder anvendes med 250 mg to gange dagligt. Doseringsregimet b\u00f8r tilpasses patientens kliniske tilstand og behandlingsrespons.<\/p>\n<h1>Farmakokinetiske egenskaber<\/h1>\n<p>Efter oral administration absorberes famciclovir hurtigt og omdannes hurtigt til penciclovir i leveren og tarmv\u00e6ggen. Den biologiske tilg\u00e6ngelighed af famciclovir er cirka 77%, mens penciclovir n\u00e5r topkoncentration i plasma efter cirka 1-2 timer. Penciclovir elimineres hovedsageligt via nyrerne med en halveringstid p\u00e5 cirka 2 timer. Der forekommer minimal proteinbinding, hvilket begr\u00e6nser risikoen for stofinteraktioner baseret p\u00e5 plasmaproteinbinding.<\/p>\n<h1>Bivirkninger relateret til centralnervesystemet<\/h1>\n<p>Famvir kan for\u00e5rsage bivirkninger fra centralnervesystemet, herunder hovedpine og svimmelhed, som er de mest almindelige. I sj\u00e6ldne tilf\u00e6lde kan patienter opleve hallucinationer, forvirring eller krampeanfald, is\u00e6r ved h\u00f8jere doser eller ved tilstedev\u00e6relse af nyresvigt. Det anbefales derfor at overv\u00e5ge \u00e6ldre patienter og dem med nedsat nyrefunktion for s\u00e5danne neurologiske symptomer under behandlingen.<\/p>\n<h1>Nyrefunktion og dosisjustering<\/h1>\n<p>Elimineringen af famciclovir sker is\u00e6r renalt, hvilket betyder, at patienter med nedsat nyrefunktion kr\u00e6ver dosisjustering. Ved mild til moderat nyreinsufficiens anbefales reduktion af dosen for at undg\u00e5 ophobning og forh\u00f8jet risiko for bivirkninger. Ved sv\u00e6r nyreinsufficiens kan det v\u00e6re n\u00f8dvendigt at justere doseringsintervallet, eventuelt med for\u00f8get tid mellem doserne. Kreatininclearance b\u00f8r vurderes f\u00f8r opstart og l\u00f8bende ved langvarig behandling.<\/p>\n<h1>Interaktioner med andre l\u00e6gemidler<\/h1>\n<p>Famciclovir har begr\u00e6nset potentiale for farmakokinetiske interaktioner, da det ikke p\u00e5virker eller p\u00e5virkes v\u00e6sentligt af leverenzymer som CYP450-systemet. Dog kan samtidig brug af probenecid, som reducerer renal tubul\u00e6r sekretion, \u00f8ge plasmakoncentrationen af penciclovir. Andre l\u00e6gemidler med nyretoksiske egenskaber kan potentielt forv\u00e6rre nyrefunktionen og dermed p\u00e5virke famciclovir&#8217;s elimination. Samtidig administration af antikoagulantia eller ciclosporin b\u00f8r derfor f\u00f8lges med omhu.<\/p>\n<h1>Specifikke patientgrupper og Famvir<\/h1>\n<p>Gravide b\u00f8r kun tages Famvir, hvis det er klart n\u00f8dvendigt, da sikkerheden i graviditet ikke er fuldst\u00e6ndigt afd\u00e6kket. Amning frar\u00e5des under behandling med famciclovir p\u00e5 grund af potentiel eksponering af sp\u00e6dbarnet for penciclovir via moderm\u00e6lk. B\u00f8rn over 12 \u00e5r kan behandles med famciclovir i doser tilpasset deres v\u00e6gt, mens brug til yngre b\u00f8rn b\u00f8r begr\u00e6nses til s\u00e6rlige tilf\u00e6lde under specialistkontrol.<\/p>\n<h1>Opbevaringsforhold for Famvir<\/h1>\n<p>Famvir tabletter b\u00f8r opbevares ved stuetemperatur, under 25 \u00b0C, i den originale emballage for at beskytte mod fugt. Tabletskader eller misfarvning indikerer, at produktet ikke b\u00f8r anvendes. Famvir m\u00e5 ikke anvendes efter udl\u00f8bsdatoen, da stabiliteten og effektiviteten ikke kan garanteres. Opbevaring udover anbefalede forhold kan resultere i nedsat kvalitet.<\/p>\n<h1>Farmaceutiske former og styrker<\/h1>\n<p>Famvir findes prim\u00e6rt i form af oralt indgivne tabletter i styrkerne 125 mg, 250 mg og 500 mg. Tabletterne er runde, bleggule til orange, og lette at sluge. Doseringen v\u00e6lges p\u00e5 baggrund af behandlingsindikation, sv\u00e6rhedsgrad af infektionen samt patientens nyrefunktion. Tabletterne indeholder ogs\u00e5 hj\u00e6lpestoffer som mikrokrystallinsk cellulose og talkum, hvilket kan have betydning for patienter med specifikke intoleranceprofiler.<\/p>\n","protected":false},"excerpt":{"rendered":"<p>Famvir is een medicijn waarvan het werkzame bestanddeel famciclovir is. Het wordt ook wel onder andere namen zoals Famciclovir genoemd. Famvir wordt gebruikt om virusinfecties zoals herpes en gordelroos te behandelen. Het helpt de groei van het virus in het lichaam te remmen.<\/p>\n<h2>Prijs van Famvir<\/h2>\n<p>De kosten van de Famvir vari\u00ebren van 4.62 \u20ac tot 5.78 \u20ac per pillen. Het hangt af van de verpakkingsgrootte en de hoeveelheid actief ingredi\u00ebnt (10 of 60 mg).<\/p>\n","protected":false},"featured_media":448,"comment_status":"open","ping_status":"closed","template":"","meta":{"site-sidebar-layout":"default","site-content-layout":"","ast-site-content-layout":"default","site-content-style":"default","site-sidebar-style":"default","ast-global-header-display":"","ast-banner-title-visibility":"","ast-main-header-display":"","ast-hfb-above-header-display":"","ast-hfb-below-header-display":"","ast-hfb-mobile-header-display":"","site-post-title":"","ast-breadcrumbs-content":"","ast-featured-img":"","footer-sml-layout":"","ast-disable-related-posts":"","theme-transparent-header-meta":"","adv-header-id-meta":"","stick-header-meta":"","header-above-stick-meta":"","header-main-stick-meta":"","header-below-stick-meta":"","astra-migrate-meta-layouts":"default","ast-page-background-enabled":"default","ast-page-background-meta":{"desktop":{"background-color":"var(--ast-global-color-5)","background-image":"","background-repeat":"repeat","background-position":"center center","background-size":"auto","background-attachment":"scroll","background-type":"","background-media":"","overlay-type":"","overlay-color":"","overlay-opacity":"","overlay-gradient":""},"tablet":{"background-color":"","background-image":"","background-repeat":"repeat","background-position":"center center","background-size":"auto","background-attachment":"scroll","background-type":"","background-media":"","overlay-type":"","overlay-color":"","overlay-opacity":"","overlay-gradient":""},"mobile":{"background-color":"","background-image":"","background-repeat":"repeat","background-position":"center center","background-size":"auto","background-attachment":"scroll","background-type":"","background-media":"","overlay-type":"","overlay-color":"","overlay-opacity":"","overlay-gradient":""}},"ast-content-background-meta":{"desktop":{"background-color":"var(--ast-global-color-4)","background-image":"","background-repeat":"repeat","background-position":"center center","background-size":"auto","background-attachment":"scroll","background-type":"","background-media":"","overlay-type":"","overlay-color":"","overlay-opacity":"","overlay-gradient":""},"tablet":{"background-color":"var(--ast-global-color-4)","background-image":"","background-repeat":"repeat","background-position":"center center","background-size":"auto","background-attachment":"scroll","background-type":"","background-media":"","overlay-type":"","overlay-color":"","overlay-opacity":"","overlay-gradient":""},"mobile":{"background-color":"var(--ast-global-color-4)","background-image":"","background-repeat":"repeat","background-position":"center center","background-size":"auto","background-attachment":"scroll","background-type":"","background-media":"","overlay-type":"","overlay-color":"","overlay-opacity":"","overlay-gradient":""}}},"product_brand":[],"product_cat":[142],"product_tag":[],"class_list":{"0":"post-449","1":"product","2":"type-product","3":"status-publish","4":"has-post-thumbnail","6":"product_cat-antiviral","7":"desktop-align-left","8":"tablet-align-left","9":"mobile-align-left","11":"first","12":"instock","13":"shipping-taxable","14":"product-type-external"},"lang":"nl","translations":{"nl":449},"pll_sync_post":[],"_links":{"self":[{"href":"https:\/\/www.dokterderuyter.be\/online\/wp-json\/wp\/v2\/product\/449","targetHints":{"allow":["GET"]}}],"collection":[{"href":"https:\/\/www.dokterderuyter.be\/online\/wp-json\/wp\/v2\/product"}],"about":[{"href":"https:\/\/www.dokterderuyter.be\/online\/wp-json\/wp\/v2\/types\/product"}],"replies":[{"embeddable":true,"href":"https:\/\/www.dokterderuyter.be\/online\/wp-json\/wp\/v2\/comments?post=449"}],"wp:featuredmedia":[{"embeddable":true,"href":"https:\/\/www.dokterderuyter.be\/online\/wp-json\/wp\/v2\/media\/448"}],"wp:attachment":[{"href":"https:\/\/www.dokterderuyter.be\/online\/wp-json\/wp\/v2\/media?parent=449"}],"wp:term":[{"taxonomy":"product_brand","embeddable":true,"href":"https:\/\/www.dokterderuyter.be\/online\/wp-json\/wp\/v2\/product_brand?post=449"},{"taxonomy":"product_cat","embeddable":true,"href":"https:\/\/www.dokterderuyter.be\/online\/wp-json\/wp\/v2\/product_cat?post=449"},{"taxonomy":"product_tag","embeddable":true,"href":"https:\/\/www.dokterderuyter.be\/online\/wp-json\/wp\/v2\/product_tag?post=449"}],"curies":[{"name":"wp","href":"https:\/\/api.w.org\/{rel}","templated":true}]}}